{"id":2347,"date":"2019-10-18T13:43:33","date_gmt":"2019-10-18T11:43:33","guid":{"rendered":"https:\/\/cartium.eu\/sk\/?post_type=product&#038;p=2347"},"modified":"2023-01-05T14:00:44","modified_gmt":"2023-01-05T13:00:44","slug":"11-zadarmo-adapter-pre-vrtacky-na-rezanie-kovov-metalcutter","status":"publish","type":"product","link":"https:\/\/cartium.eu\/sk\/produkt\/11-zadarmo-adapter-pre-vrtacky-na-rezanie-kovov-metalcutter\/","title":{"rendered":"1+1 ZADARMO Adapt\u00e9r pre v\u0155ta\u010dky (na rezanie kovov) &#8211; MetalCutter"},"content":{"rendered":"","protected":false},"excerpt":{"rendered":"<p>Najefekt\u00edvnej\u0161\u00ed univerz\u00e1lny nadstavec na v\u0155ta\u010dky, ktor\u00fd v\u00e1m u\u013eah\u010d\u00ed rezanie kovov\u00fdch materi\u00e1lov.<\/p>\n","protected":false},"featured_media":2265,"comment_status":"closed","ping_status":"closed","template":"","meta":{"inline_featured_image":false},"product_brand":[],"product_cat":[15,24],"product_tag":[],"class_list":{"0":"post-2347","1":"product","2":"type-product","3":"status-publish","4":"has-post-thumbnail","6":"product_cat-uncategorized","7":"product_cat-sale","9":"first","10":"instock","11":"sale","12":"taxable","13":"shipping-taxable","14":"purchasable","15":"product-type-simple"},"acf":[],"_links":{"self":[{"href":"https:\/\/cartium.eu\/sk\/wp-json\/wp\/v2\/product\/2347","targetHints":{"allow":["GET"]}}],"collection":[{"href":"https:\/\/cartium.eu\/sk\/wp-json\/wp\/v2\/product"}],"about":[{"href":"https:\/\/cartium.eu\/sk\/wp-json\/wp\/v2\/types\/product"}],"replies":[{"embeddable":true,"href":"https:\/\/cartium.eu\/sk\/wp-json\/wp\/v2\/comments?post=2347"}],"wp:featuredmedia":[{"embeddable":true,"href":"https:\/\/cartium.eu\/sk\/wp-json\/wp\/v2\/media\/2265"}],"wp:attachment":[{"href":"https:\/\/cartium.eu\/sk\/wp-json\/wp\/v2\/media?parent=2347"}],"wp:term":[{"taxonomy":"product_brand","embeddable":true,"href":"https:\/\/cartium.eu\/sk\/wp-json\/wp\/v2\/product_brand?post=2347"},{"taxonomy":"product_cat","embeddable":true,"href":"https:\/\/cartium.eu\/sk\/wp-json\/wp\/v2\/product_cat?post=2347"},{"taxonomy":"product_tag","embeddable":true,"href":"https:\/\/cartium.eu\/sk\/wp-json\/wp\/v2\/product_tag?post=2347"}],"curies":[{"name":"wp","href":"https:\/\/api.w.org\/{rel}","templated":true}]}}