{"id":2348,"date":"2019-10-18T13:43:44","date_gmt":"2019-10-18T11:43:44","guid":{"rendered":"https:\/\/cartium.eu\/sk\/?post_type=product&#038;p=2348"},"modified":"2023-01-05T14:01:13","modified_gmt":"2023-01-05T13:01:13","slug":"11-zadarmo-univerzalny-nadstavec-na-kluce-wrenchextension","status":"publish","type":"product","link":"https:\/\/cartium.eu\/sk\/produkt\/11-zadarmo-univerzalny-nadstavec-na-kluce-wrenchextension\/","title":{"rendered":"1+1 ZADARMO Univerz\u00e1lny nadstavec na k\u013e\u00fa\u010de &#8211; WrenchExtension"},"content":{"rendered":"","protected":false},"excerpt":{"rendered":"<p>Wrenchy je nov\u00e1 gener\u00e1cia nadstavcov na v\u0161etky k\u013e\u00fa\u010de a v\u0155ta\u010dky s priemerom 0,3-9 mm, s ktor\u00fdm sa \u013eahko dostanete aj na \u0165a\u017eko dostupn\u00e9 miesta v automobile, dom\u00e1cnosti a podobne.<\/p>\n","protected":false},"featured_media":2291,"comment_status":"closed","ping_status":"closed","template":"","meta":{"inline_featured_image":false},"product_brand":[],"product_cat":[15,27,24],"product_tag":[],"class_list":{"0":"post-2348","1":"product","2":"type-product","3":"status-publish","4":"has-post-thumbnail","6":"product_cat-uncategorized","7":"product_cat-home","8":"product_cat-sale","10":"first","11":"instock","12":"sale","13":"taxable","14":"shipping-taxable","15":"purchasable","16":"product-type-simple"},"acf":[],"_links":{"self":[{"href":"https:\/\/cartium.eu\/sk\/wp-json\/wp\/v2\/product\/2348","targetHints":{"allow":["GET"]}}],"collection":[{"href":"https:\/\/cartium.eu\/sk\/wp-json\/wp\/v2\/product"}],"about":[{"href":"https:\/\/cartium.eu\/sk\/wp-json\/wp\/v2\/types\/product"}],"replies":[{"embeddable":true,"href":"https:\/\/cartium.eu\/sk\/wp-json\/wp\/v2\/comments?post=2348"}],"wp:featuredmedia":[{"embeddable":true,"href":"https:\/\/cartium.eu\/sk\/wp-json\/wp\/v2\/media\/2291"}],"wp:attachment":[{"href":"https:\/\/cartium.eu\/sk\/wp-json\/wp\/v2\/media?parent=2348"}],"wp:term":[{"taxonomy":"product_brand","embeddable":true,"href":"https:\/\/cartium.eu\/sk\/wp-json\/wp\/v2\/product_brand?post=2348"},{"taxonomy":"product_cat","embeddable":true,"href":"https:\/\/cartium.eu\/sk\/wp-json\/wp\/v2\/product_cat?post=2348"},{"taxonomy":"product_tag","embeddable":true,"href":"https:\/\/cartium.eu\/sk\/wp-json\/wp\/v2\/product_tag?post=2348"}],"curies":[{"name":"wp","href":"https:\/\/api.w.org\/{rel}","templated":true}]}}