{"id":2350,"date":"2019-10-18T15:36:40","date_gmt":"2019-10-18T13:36:40","guid":{"rendered":"https:\/\/cartium.eu\/sk\/?post_type=product&#038;p=2350"},"modified":"2023-01-05T14:00:16","modified_gmt":"2023-01-05T13:00:16","slug":"11-zadarmo-multifunkcne-struhadlo-cuttes","status":"publish","type":"product","link":"https:\/\/cartium.eu\/sk\/produkt\/11-zadarmo-multifunkcne-struhadlo-cuttes\/","title":{"rendered":"1+1 ZADARMO Multifunk\u010dn\u00e9 str\u00fahadlo &#8211; Cuttes"},"content":{"rendered":"<div>Inovat\u00edvne a mimoriadne praktick\u00e9 str\u00fahadlo z nehrdzavej\u00facej ocele s tromi r\u00f4znymi nadstavcami, ktor\u00e9 v\u00e1m u\u013eah\u010dia ka\u017edodenn\u00fa pr\u00edpravu a sekanie jed\u00e1l vo v\u0161etk\u00fdch ve\u013ekostiach a tvaroch!<\/div>\n<div><\/div>\n","protected":false},"excerpt":{"rendered":"<div>Inovat\u00edvne a mimoriadne praktick\u00e9 str\u00fahadlo z nehrdzavej\u00facej ocele s tromi r\u00f4znymi nadstavcami, ktor\u00e9 v\u00e1m u\u013eah\u010dia ka\u017edodenn\u00fa pr\u00edpravu a sekanie jed\u00e1l vo v\u0161etk\u00fdch ve\u013ekostiach a tvaroch!<\/div>\n<div><\/div>\n","protected":false},"featured_media":281,"comment_status":"closed","ping_status":"closed","template":"","meta":{"inline_featured_image":false},"product_brand":[],"product_cat":[15,27,24],"product_tag":[],"class_list":{"0":"post-2350","1":"product","2":"type-product","3":"status-publish","4":"has-post-thumbnail","6":"product_cat-uncategorized","7":"product_cat-home","8":"product_cat-sale","10":"first","11":"instock","12":"sale","13":"taxable","14":"shipping-taxable","15":"purchasable","16":"product-type-simple"},"acf":[],"_links":{"self":[{"href":"https:\/\/cartium.eu\/sk\/wp-json\/wp\/v2\/product\/2350","targetHints":{"allow":["GET"]}}],"collection":[{"href":"https:\/\/cartium.eu\/sk\/wp-json\/wp\/v2\/product"}],"about":[{"href":"https:\/\/cartium.eu\/sk\/wp-json\/wp\/v2\/types\/product"}],"replies":[{"embeddable":true,"href":"https:\/\/cartium.eu\/sk\/wp-json\/wp\/v2\/comments?post=2350"}],"wp:featuredmedia":[{"embeddable":true,"href":"https:\/\/cartium.eu\/sk\/wp-json\/wp\/v2\/media\/281"}],"wp:attachment":[{"href":"https:\/\/cartium.eu\/sk\/wp-json\/wp\/v2\/media?parent=2350"}],"wp:term":[{"taxonomy":"product_brand","embeddable":true,"href":"https:\/\/cartium.eu\/sk\/wp-json\/wp\/v2\/product_brand?post=2350"},{"taxonomy":"product_cat","embeddable":true,"href":"https:\/\/cartium.eu\/sk\/wp-json\/wp\/v2\/product_cat?post=2350"},{"taxonomy":"product_tag","embeddable":true,"href":"https:\/\/cartium.eu\/sk\/wp-json\/wp\/v2\/product_tag?post=2350"}],"curies":[{"name":"wp","href":"https:\/\/api.w.org\/{rel}","templated":true}]}}