{"id":2378,"date":"2021-10-19T08:20:39","date_gmt":"2021-10-19T06:20:39","guid":{"rendered":"https:\/\/cartium.eu\/sk\/?post_type=product&#038;p=2378"},"modified":"2023-01-05T14:10:59","modified_gmt":"2023-01-05T13:10:59","slug":"elektricky-holiaci-strojcek-hairer","status":"publish","type":"product","link":"https:\/\/cartium.eu\/sk\/produkt\/elektricky-holiaci-strojcek-hairer\/","title":{"rendered":"Elektrick\u00fd holiaci stroj\u010dek &#8211; Hairer"},"content":{"rendered":"","protected":false},"excerpt":{"rendered":"<p>Najlep\u0161\u00ed elektrick\u00fd holiaci stroj\u010dek pre mu\u017eov, ktor\u00fd n\u00e1jdete na trhu. Vyzna\u010duje sa kvalitn\u00fdmi keramick\u00fdmi \u010depe\u013eami na presn\u00e9 holenie bez oh\u013eadu na smer, ergonomicky tvarovanou rukov\u00e4\u0165ou a mo\u017enos\u0165ou praktick\u00e9ho nab\u00edjania k\u00e1blom USB.<\/p>\n","protected":false},"featured_media":2360,"comment_status":"closed","ping_status":"closed","template":"","meta":{"inline_featured_image":false},"product_brand":[],"product_cat":[15,27,28],"product_tag":[],"class_list":{"0":"post-2378","1":"product","2":"type-product","3":"status-publish","4":"has-post-thumbnail","6":"product_cat-uncategorized","7":"product_cat-home","8":"product_cat-beauty","10":"first","11":"instock","12":"sale","13":"taxable","14":"shipping-taxable","15":"purchasable","16":"product-type-simple"},"acf":[],"_links":{"self":[{"href":"https:\/\/cartium.eu\/sk\/wp-json\/wp\/v2\/product\/2378","targetHints":{"allow":["GET"]}}],"collection":[{"href":"https:\/\/cartium.eu\/sk\/wp-json\/wp\/v2\/product"}],"about":[{"href":"https:\/\/cartium.eu\/sk\/wp-json\/wp\/v2\/types\/product"}],"replies":[{"embeddable":true,"href":"https:\/\/cartium.eu\/sk\/wp-json\/wp\/v2\/comments?post=2378"}],"wp:featuredmedia":[{"embeddable":true,"href":"https:\/\/cartium.eu\/sk\/wp-json\/wp\/v2\/media\/2360"}],"wp:attachment":[{"href":"https:\/\/cartium.eu\/sk\/wp-json\/wp\/v2\/media?parent=2378"}],"wp:term":[{"taxonomy":"product_brand","embeddable":true,"href":"https:\/\/cartium.eu\/sk\/wp-json\/wp\/v2\/product_brand?post=2378"},{"taxonomy":"product_cat","embeddable":true,"href":"https:\/\/cartium.eu\/sk\/wp-json\/wp\/v2\/product_cat?post=2378"},{"taxonomy":"product_tag","embeddable":true,"href":"https:\/\/cartium.eu\/sk\/wp-json\/wp\/v2\/product_tag?post=2378"}],"curies":[{"name":"wp","href":"https:\/\/api.w.org\/{rel}","templated":true}]}}