{"id":2397,"date":"2021-10-21T13:38:25","date_gmt":"2021-10-21T11:38:25","guid":{"rendered":"https:\/\/cartium.eu\/sk\/?post_type=product&#038;p=2397"},"modified":"2021-10-21T13:51:35","modified_gmt":"2021-10-21T11:51:35","slug":"presny-polohovac-na-spracovanie-dreva-precision","status":"publish","type":"product","link":"https:\/\/cartium.eu\/sk\/produkt\/presny-polohovac-na-spracovanie-dreva-precision\/","title":{"rendered":"Presn\u00fd polohova\u010d na spracovanie dreva\u2013 Precision"},"content":{"rendered":"","protected":false},"excerpt":{"rendered":"<p><span style=\"font-weight: 400\">Pon\u00fakame v\u00e1m \u010do najpresnej\u0161ie zarovnanie pri pr\u00e1ci s v\u0155ta\u010dkami\u00a0 pomocou tohto inovat\u00edvneho zariadenia \u0161pecifick\u00e9ho dizajnu vyroben\u00e9ho z pevn\u00fdch a kvalitn\u00fdch materi\u00e1lov.<\/span><\/p>\n","protected":false},"featured_media":2408,"comment_status":"closed","ping_status":"closed","template":"","meta":{"inline_featured_image":false},"product_brand":[],"product_cat":[15,27],"product_tag":[],"class_list":{"0":"post-2397","1":"product","2":"type-product","3":"status-publish","4":"has-post-thumbnail","6":"product_cat-uncategorized","7":"product_cat-home","9":"first","10":"instock","11":"sale","12":"taxable","13":"shipping-taxable","14":"purchasable","15":"product-type-simple"},"acf":[],"_links":{"self":[{"href":"https:\/\/cartium.eu\/sk\/wp-json\/wp\/v2\/product\/2397","targetHints":{"allow":["GET"]}}],"collection":[{"href":"https:\/\/cartium.eu\/sk\/wp-json\/wp\/v2\/product"}],"about":[{"href":"https:\/\/cartium.eu\/sk\/wp-json\/wp\/v2\/types\/product"}],"replies":[{"embeddable":true,"href":"https:\/\/cartium.eu\/sk\/wp-json\/wp\/v2\/comments?post=2397"}],"wp:featuredmedia":[{"embeddable":true,"href":"https:\/\/cartium.eu\/sk\/wp-json\/wp\/v2\/media\/2408"}],"wp:attachment":[{"href":"https:\/\/cartium.eu\/sk\/wp-json\/wp\/v2\/media?parent=2397"}],"wp:term":[{"taxonomy":"product_brand","embeddable":true,"href":"https:\/\/cartium.eu\/sk\/wp-json\/wp\/v2\/product_brand?post=2397"},{"taxonomy":"product_cat","embeddable":true,"href":"https:\/\/cartium.eu\/sk\/wp-json\/wp\/v2\/product_cat?post=2397"},{"taxonomy":"product_tag","embeddable":true,"href":"https:\/\/cartium.eu\/sk\/wp-json\/wp\/v2\/product_tag?post=2397"}],"curies":[{"name":"wp","href":"https:\/\/api.w.org\/{rel}","templated":true}]}}