{"id":2751,"date":"2022-06-14T07:28:12","date_gmt":"2022-06-14T05:28:12","guid":{"rendered":"https:\/\/cartium.eu\/sk\/?post_type=product&#038;p=2751"},"modified":"2022-06-16T18:13:52","modified_gmt":"2022-06-16T16:13:52","slug":"opakovane-pouzitelne-silikonove-naplasti-proti-vraskam","status":"publish","type":"product","link":"https:\/\/cartium.eu\/sk\/produkt\/opakovane-pouzitelne-silikonove-naplasti-proti-vraskam\/","title":{"rendered":"Opakovane pou\u017eite\u013en\u00e9 silik\u00f3nov\u00e9 n\u00e1plasti proti vr\u00e1skam"},"content":{"rendered":"","protected":false},"excerpt":{"rendered":"<p>Tieto n\u00e1plasti proti vr\u00e1skam pom\u00e1haj\u00fa vyrie\u0161i\u0165 probl\u00e9m norm\u00e1lnej straty kolag\u00e9nu na poko\u017eke a vr\u00e1sok! V s\u00faprave n\u00e1jdete v\u0161etko, \u010do potrebujete na tv\u00e1r, krk a hrudn\u00edk!<\/p>\n","protected":false},"featured_media":2753,"comment_status":"closed","ping_status":"closed","template":"","meta":{"inline_featured_image":false},"product_brand":[],"product_cat":[15],"product_tag":[],"class_list":{"0":"post-2751","1":"product","2":"type-product","3":"status-publish","4":"has-post-thumbnail","6":"product_cat-uncategorized","8":"first","9":"instock","10":"sale","11":"taxable","12":"shipping-taxable","13":"purchasable","14":"product-type-simple"},"acf":[],"_links":{"self":[{"href":"https:\/\/cartium.eu\/sk\/wp-json\/wp\/v2\/product\/2751","targetHints":{"allow":["GET"]}}],"collection":[{"href":"https:\/\/cartium.eu\/sk\/wp-json\/wp\/v2\/product"}],"about":[{"href":"https:\/\/cartium.eu\/sk\/wp-json\/wp\/v2\/types\/product"}],"replies":[{"embeddable":true,"href":"https:\/\/cartium.eu\/sk\/wp-json\/wp\/v2\/comments?post=2751"}],"wp:featuredmedia":[{"embeddable":true,"href":"https:\/\/cartium.eu\/sk\/wp-json\/wp\/v2\/media\/2753"}],"wp:attachment":[{"href":"https:\/\/cartium.eu\/sk\/wp-json\/wp\/v2\/media?parent=2751"}],"wp:term":[{"taxonomy":"product_brand","embeddable":true,"href":"https:\/\/cartium.eu\/sk\/wp-json\/wp\/v2\/product_brand?post=2751"},{"taxonomy":"product_cat","embeddable":true,"href":"https:\/\/cartium.eu\/sk\/wp-json\/wp\/v2\/product_cat?post=2751"},{"taxonomy":"product_tag","embeddable":true,"href":"https:\/\/cartium.eu\/sk\/wp-json\/wp\/v2\/product_tag?post=2751"}],"curies":[{"name":"wp","href":"https:\/\/api.w.org\/{rel}","templated":true}]}}