{"id":2793,"date":"2022-06-17T16:39:18","date_gmt":"2022-06-17T14:39:18","guid":{"rendered":"https:\/\/cartium.eu\/sk\/?post_type=product&#038;p=2793"},"modified":"2023-01-03T11:00:38","modified_gmt":"2023-01-03T10:00:38","slug":"rolovacia-ochrana-pred-slnkom-na-auta-a-okna","status":"publish","type":"product","link":"https:\/\/cartium.eu\/sk\/produkt\/rolovacia-ochrana-pred-slnkom-na-auta-a-okna\/","title":{"rendered":"Rolovacia ochrana pred slnkom na aut\u00e1 a okn\u00e1"},"content":{"rendered":"","protected":false},"excerpt":{"rendered":"<p>Zn\u00ed\u017ete UV \u017eiarenie a slne\u010dn\u00e9 svetlo vo va\u0161om aute a spr\u00edjemnite si jazdu. Pou\u017eite t\u00fato ochranu pre v\u0161etky miestnosti, kde je to potrebn\u00e9!<\/p>\n","protected":false},"featured_media":2800,"comment_status":"closed","ping_status":"closed","template":"","meta":{"inline_featured_image":false},"product_brand":[],"product_cat":[15,27],"product_tag":[],"class_list":{"0":"post-2793","1":"product","2":"type-product","3":"status-publish","4":"has-post-thumbnail","6":"product_cat-uncategorized","7":"product_cat-home","9":"first","10":"instock","11":"sale","12":"taxable","13":"shipping-taxable","14":"purchasable","15":"product-type-simple"},"acf":[],"_links":{"self":[{"href":"https:\/\/cartium.eu\/sk\/wp-json\/wp\/v2\/product\/2793","targetHints":{"allow":["GET"]}}],"collection":[{"href":"https:\/\/cartium.eu\/sk\/wp-json\/wp\/v2\/product"}],"about":[{"href":"https:\/\/cartium.eu\/sk\/wp-json\/wp\/v2\/types\/product"}],"replies":[{"embeddable":true,"href":"https:\/\/cartium.eu\/sk\/wp-json\/wp\/v2\/comments?post=2793"}],"wp:featuredmedia":[{"embeddable":true,"href":"https:\/\/cartium.eu\/sk\/wp-json\/wp\/v2\/media\/2800"}],"wp:attachment":[{"href":"https:\/\/cartium.eu\/sk\/wp-json\/wp\/v2\/media?parent=2793"}],"wp:term":[{"taxonomy":"product_brand","embeddable":true,"href":"https:\/\/cartium.eu\/sk\/wp-json\/wp\/v2\/product_brand?post=2793"},{"taxonomy":"product_cat","embeddable":true,"href":"https:\/\/cartium.eu\/sk\/wp-json\/wp\/v2\/product_cat?post=2793"},{"taxonomy":"product_tag","embeddable":true,"href":"https:\/\/cartium.eu\/sk\/wp-json\/wp\/v2\/product_tag?post=2793"}],"curies":[{"name":"wp","href":"https:\/\/api.w.org\/{rel}","templated":true}]}}