{"id":379,"date":"2020-12-01T13:33:34","date_gmt":"2020-12-01T12:33:34","guid":{"rendered":"https:\/\/shopium.eu\/rs\/?post_type=product&#038;p=379"},"modified":"2021-10-05T13:57:04","modified_gmt":"2021-10-05T11:57:04","slug":"creativepen","status":"publish","type":"product","link":"https:\/\/cartium.eu\/sk\/produkt\/creativepen\/","title":{"rendered":"Pyrograf na drevo &#8211; BurnPen"},"content":{"rendered":"","protected":false},"excerpt":{"rendered":"<div class=\"woocommerce-product-details__short-description\">\n<p>Ak ste n\u00e1padit\u00ed a kreat\u00edvni a milujete pyrografick\u00fa kresbu na dreve, ktor\u00e1 pobl\u00e1znila svet, s touto super s\u00fapravou v\u00e1m umo\u017en\u00edme, aby to bolo e\u0161te zauj\u00edmavej\u0161ie a\u00a0nanajv\u00fd\u0161 p\u00fatav\u00e9!<\/p>\n<\/div>\n","protected":false},"featured_media":387,"comment_status":"closed","ping_status":"closed","template":"","meta":{"inline_featured_image":false},"product_brand":[],"product_cat":[15,27,35],"product_tag":[],"class_list":{"0":"post-379","1":"product","2":"type-product","3":"status-publish","4":"has-post-thumbnail","6":"product_cat-uncategorized","7":"product_cat-home","8":"product_cat-fun","10":"first","11":"instock","12":"sale","13":"taxable","14":"shipping-taxable","15":"purchasable","16":"product-type-simple"},"acf":[],"_links":{"self":[{"href":"https:\/\/cartium.eu\/sk\/wp-json\/wp\/v2\/product\/379","targetHints":{"allow":["GET"]}}],"collection":[{"href":"https:\/\/cartium.eu\/sk\/wp-json\/wp\/v2\/product"}],"about":[{"href":"https:\/\/cartium.eu\/sk\/wp-json\/wp\/v2\/types\/product"}],"replies":[{"embeddable":true,"href":"https:\/\/cartium.eu\/sk\/wp-json\/wp\/v2\/comments?post=379"}],"wp:featuredmedia":[{"embeddable":true,"href":"https:\/\/cartium.eu\/sk\/wp-json\/wp\/v2\/media\/387"}],"wp:attachment":[{"href":"https:\/\/cartium.eu\/sk\/wp-json\/wp\/v2\/media?parent=379"}],"wp:term":[{"taxonomy":"product_brand","embeddable":true,"href":"https:\/\/cartium.eu\/sk\/wp-json\/wp\/v2\/product_brand?post=379"},{"taxonomy":"product_cat","embeddable":true,"href":"https:\/\/cartium.eu\/sk\/wp-json\/wp\/v2\/product_cat?post=379"},{"taxonomy":"product_tag","embeddable":true,"href":"https:\/\/cartium.eu\/sk\/wp-json\/wp\/v2\/product_tag?post=379"}],"curies":[{"name":"wp","href":"https:\/\/api.w.org\/{rel}","templated":true}]}}