{"id":4365,"date":"2022-09-20T13:25:43","date_gmt":"2022-09-20T11:25:43","guid":{"rendered":"https:\/\/cartium.eu\/sk\/?post_type=product&#038;p=4365"},"modified":"2023-09-09T14:24:53","modified_gmt":"2023-09-09T12:24:53","slug":"carovne-pracovne-zosity-pre-deti","status":"publish","type":"product","link":"https:\/\/cartium.eu\/sk\/produkt\/carovne-pracovne-zosity-pre-deti\/","title":{"rendered":"\u010carovn\u00e9 pracovn\u00e9 zo\u0161ity pre deti"},"content":{"rendered":"","protected":false},"excerpt":{"rendered":"<p>Nechajte svoje deti zdokonali\u0165 pohyby a tvary, kreslenie a p\u00edsanie s t\u00fdmto z\u00e1bavn\u00fdm pracovn\u00fdm zo\u0161itom. Pripravte svoje die\u0165a do \u0161koly a u\u013eah\u010dite mu za\u010diatok. Umo\u017enite de\u0165om rozv\u00edja\u0165 presnos\u0165 pomocou tohto vzdel\u00e1vacieho zo\u0161ita.<\/p>\n","protected":false},"featured_media":4372,"comment_status":"closed","ping_status":"closed","template":"","meta":{"inline_featured_image":false},"product_brand":[],"product_cat":[15,25,35],"product_tag":[],"class_list":{"0":"post-4365","1":"product","2":"type-product","3":"status-publish","4":"has-post-thumbnail","6":"product_cat-uncategorized","7":"product_cat-car","8":"product_cat-fun","10":"first","11":"instock","12":"sale","13":"taxable","14":"shipping-taxable","15":"purchasable","16":"product-type-simple"},"acf":[],"_links":{"self":[{"href":"https:\/\/cartium.eu\/sk\/wp-json\/wp\/v2\/product\/4365","targetHints":{"allow":["GET"]}}],"collection":[{"href":"https:\/\/cartium.eu\/sk\/wp-json\/wp\/v2\/product"}],"about":[{"href":"https:\/\/cartium.eu\/sk\/wp-json\/wp\/v2\/types\/product"}],"replies":[{"embeddable":true,"href":"https:\/\/cartium.eu\/sk\/wp-json\/wp\/v2\/comments?post=4365"}],"wp:featuredmedia":[{"embeddable":true,"href":"https:\/\/cartium.eu\/sk\/wp-json\/wp\/v2\/media\/4372"}],"wp:attachment":[{"href":"https:\/\/cartium.eu\/sk\/wp-json\/wp\/v2\/media?parent=4365"}],"wp:term":[{"taxonomy":"product_brand","embeddable":true,"href":"https:\/\/cartium.eu\/sk\/wp-json\/wp\/v2\/product_brand?post=4365"},{"taxonomy":"product_cat","embeddable":true,"href":"https:\/\/cartium.eu\/sk\/wp-json\/wp\/v2\/product_cat?post=4365"},{"taxonomy":"product_tag","embeddable":true,"href":"https:\/\/cartium.eu\/sk\/wp-json\/wp\/v2\/product_tag?post=4365"}],"curies":[{"name":"wp","href":"https:\/\/api.w.org\/{rel}","templated":true}]}}