{"id":4399,"date":"2022-09-21T14:09:33","date_gmt":"2022-09-21T12:09:33","guid":{"rendered":"https:\/\/cartium.eu\/sk\/?post_type=product&#038;p=4399"},"modified":"2022-09-21T14:36:51","modified_gmt":"2022-09-21T12:36:51","slug":"viacucelovy-termotransferovy-papier","status":"publish","type":"product","link":"https:\/\/cartium.eu\/sk\/produkt\/viacucelovy-termotransferovy-papier\/","title":{"rendered":"Viac\u00fa\u010delov\u00fd termotransferov\u00fd papier"},"content":{"rendered":"","protected":false},"excerpt":{"rendered":"<p>Vyrobte si zna\u010dkov\u00e9 \u0161aty alebo dres, svoje ob\u013e\u00faben\u00e9 fotografie m\u00f4\u017eete da\u0165 na oble\u010denie za p\u00e1r sek\u00fand, existuje ve\u013ea kombin\u00e1ci\u00ed, v\u0161etko z\u00e1vis\u00ed od va\u0161ej fant\u00e1zie, vyrobte si absol\u00fatne jedine\u010dn\u00e9 tri\u010dk\u00e1!<\/p>\n","protected":false},"featured_media":4404,"comment_status":"closed","ping_status":"closed","template":"","meta":{"inline_featured_image":false},"product_brand":[],"product_cat":[15],"product_tag":[],"class_list":{"0":"post-4399","1":"product","2":"type-product","3":"status-publish","4":"has-post-thumbnail","6":"product_cat-uncategorized","8":"first","9":"instock","10":"sale","11":"taxable","12":"shipping-taxable","13":"purchasable","14":"product-type-simple"},"acf":[],"_links":{"self":[{"href":"https:\/\/cartium.eu\/sk\/wp-json\/wp\/v2\/product\/4399","targetHints":{"allow":["GET"]}}],"collection":[{"href":"https:\/\/cartium.eu\/sk\/wp-json\/wp\/v2\/product"}],"about":[{"href":"https:\/\/cartium.eu\/sk\/wp-json\/wp\/v2\/types\/product"}],"replies":[{"embeddable":true,"href":"https:\/\/cartium.eu\/sk\/wp-json\/wp\/v2\/comments?post=4399"}],"wp:featuredmedia":[{"embeddable":true,"href":"https:\/\/cartium.eu\/sk\/wp-json\/wp\/v2\/media\/4404"}],"wp:attachment":[{"href":"https:\/\/cartium.eu\/sk\/wp-json\/wp\/v2\/media?parent=4399"}],"wp:term":[{"taxonomy":"product_brand","embeddable":true,"href":"https:\/\/cartium.eu\/sk\/wp-json\/wp\/v2\/product_brand?post=4399"},{"taxonomy":"product_cat","embeddable":true,"href":"https:\/\/cartium.eu\/sk\/wp-json\/wp\/v2\/product_cat?post=4399"},{"taxonomy":"product_tag","embeddable":true,"href":"https:\/\/cartium.eu\/sk\/wp-json\/wp\/v2\/product_tag?post=4399"}],"curies":[{"name":"wp","href":"https:\/\/api.w.org\/{rel}","templated":true}]}}