{"id":5014,"date":"2022-10-17T15:09:52","date_gmt":"2022-10-17T13:09:52","guid":{"rendered":"https:\/\/cartium.eu\/sk\/?post_type=product&#038;p=5014"},"modified":"2022-10-17T15:24:26","modified_gmt":"2022-10-17T13:24:26","slug":"kuzelna-vodova-omalovanka","status":"publish","type":"product","link":"https:\/\/cartium.eu\/sk\/produkt\/kuzelna-vodova-omalovanka\/","title":{"rendered":"K\u00fazeln\u00e1 vodov\u00e1 oma\u013eov\u00e1nka"},"content":{"rendered":"","protected":false},"excerpt":{"rendered":"<p>Z\u00e1bavn\u00e9 magick\u00e9 vodov\u00e9 oma\u013eov\u00e1nky s\u00fa svojr\u00e1znym a z\u00e1bavn\u00fdm sp\u00f4sobom, ako si precvi\u010di\u0165 spr\u00e1vne vyfarbovanie, obkres\u013eovanie \u010diar a z\u00e1bavu. Tieto oma\u013eov\u00e1nky s\u00fa opakovane pou\u017eite\u013en\u00e9 a \u00faplne zauj\u00edmav\u00e9<\/p>\n","protected":false},"featured_media":5019,"comment_status":"closed","ping_status":"closed","template":"","meta":{"inline_featured_image":false},"product_brand":[],"product_cat":[15],"product_tag":[],"class_list":{"0":"post-5014","1":"product","2":"type-product","3":"status-publish","4":"has-post-thumbnail","6":"product_cat-uncategorized","8":"first","9":"instock","10":"sale","11":"taxable","12":"shipping-taxable","13":"purchasable","14":"product-type-variable"},"acf":[],"_links":{"self":[{"href":"https:\/\/cartium.eu\/sk\/wp-json\/wp\/v2\/product\/5014","targetHints":{"allow":["GET"]}}],"collection":[{"href":"https:\/\/cartium.eu\/sk\/wp-json\/wp\/v2\/product"}],"about":[{"href":"https:\/\/cartium.eu\/sk\/wp-json\/wp\/v2\/types\/product"}],"replies":[{"embeddable":true,"href":"https:\/\/cartium.eu\/sk\/wp-json\/wp\/v2\/comments?post=5014"}],"wp:featuredmedia":[{"embeddable":true,"href":"https:\/\/cartium.eu\/sk\/wp-json\/wp\/v2\/media\/5019"}],"wp:attachment":[{"href":"https:\/\/cartium.eu\/sk\/wp-json\/wp\/v2\/media?parent=5014"}],"wp:term":[{"taxonomy":"product_brand","embeddable":true,"href":"https:\/\/cartium.eu\/sk\/wp-json\/wp\/v2\/product_brand?post=5014"},{"taxonomy":"product_cat","embeddable":true,"href":"https:\/\/cartium.eu\/sk\/wp-json\/wp\/v2\/product_cat?post=5014"},{"taxonomy":"product_tag","embeddable":true,"href":"https:\/\/cartium.eu\/sk\/wp-json\/wp\/v2\/product_tag?post=5014"}],"curies":[{"name":"wp","href":"https:\/\/api.w.org\/{rel}","templated":true}]}}