{"id":6092,"date":"2022-11-24T08:39:57","date_gmt":"2022-11-24T07:39:57","guid":{"rendered":"https:\/\/cartium.eu\/sk\/?post_type=product&#038;p=6092"},"modified":"2023-05-11T12:10:10","modified_gmt":"2023-05-11T10:10:10","slug":"11-zadarmo-led-svetelna-dekoracia-na-dialkove-ovladanie-ledlight","status":"publish","type":"product","link":"https:\/\/cartium.eu\/sk\/produkt\/11-zadarmo-led-svetelna-dekoracia-na-dialkove-ovladanie-ledlight\/","title":{"rendered":"1+1 ZADARMO Led sveteln\u00e1 dekor\u00e1cia na dia\u013ekov\u00e9 ovl\u00e1danie &#8211; Ledlight"},"content":{"rendered":"","protected":false},"excerpt":{"rendered":"<p>Dokonal\u00e9 dekorat\u00edvne LED svetl\u00e1 na dia\u013ekov\u00e9 ovl\u00e1danie cez smartf\u00f3ny vytvoria dokonal\u00fa atmosf\u00e9ru po\u010das sviatkov, Nov\u00e9ho roka a Vianoc, svojou kvalitou s efektom farebn\u00fdch vari\u00e1ci\u00ed vytv\u00e1raj\u00fa nev\u0161edn\u00fa atmosf\u00e9ru a pohodlie.<\/p>\n","protected":false},"featured_media":9160,"comment_status":"closed","ping_status":"closed","template":"","meta":{"inline_featured_image":false},"product_brand":[],"product_cat":[15,27,24],"product_tag":[],"class_list":{"0":"post-6092","1":"product","2":"type-product","3":"status-publish","4":"has-post-thumbnail","6":"product_cat-uncategorized","7":"product_cat-home","8":"product_cat-sale","10":"first","11":"instock","12":"sale","13":"taxable","14":"shipping-taxable","15":"purchasable","16":"product-type-simple"},"acf":[],"_links":{"self":[{"href":"https:\/\/cartium.eu\/sk\/wp-json\/wp\/v2\/product\/6092","targetHints":{"allow":["GET"]}}],"collection":[{"href":"https:\/\/cartium.eu\/sk\/wp-json\/wp\/v2\/product"}],"about":[{"href":"https:\/\/cartium.eu\/sk\/wp-json\/wp\/v2\/types\/product"}],"replies":[{"embeddable":true,"href":"https:\/\/cartium.eu\/sk\/wp-json\/wp\/v2\/comments?post=6092"}],"wp:featuredmedia":[{"embeddable":true,"href":"https:\/\/cartium.eu\/sk\/wp-json\/wp\/v2\/media\/9160"}],"wp:attachment":[{"href":"https:\/\/cartium.eu\/sk\/wp-json\/wp\/v2\/media?parent=6092"}],"wp:term":[{"taxonomy":"product_brand","embeddable":true,"href":"https:\/\/cartium.eu\/sk\/wp-json\/wp\/v2\/product_brand?post=6092"},{"taxonomy":"product_cat","embeddable":true,"href":"https:\/\/cartium.eu\/sk\/wp-json\/wp\/v2\/product_cat?post=6092"},{"taxonomy":"product_tag","embeddable":true,"href":"https:\/\/cartium.eu\/sk\/wp-json\/wp\/v2\/product_tag?post=6092"}],"curies":[{"name":"wp","href":"https:\/\/api.w.org\/{rel}","templated":true}]}}