{"id":610,"date":"2020-12-10T12:29:58","date_gmt":"2020-12-10T11:29:58","guid":{"rendered":"https:\/\/shopium.eu\/rs\/?post_type=product&#038;p=610"},"modified":"2021-03-19T11:10:36","modified_gmt":"2021-03-19T10:10:36","slug":"multikey","status":"publish","type":"product","link":"https:\/\/cartium.eu\/sk\/produkt\/multikey\/","title":{"rendered":"Univerz\u00e1lny multifunk\u010dn\u00fd k\u013e\u00fa\u010d &#8211; MultiKey"},"content":{"rendered":"","protected":false},"excerpt":{"rendered":"<p>Unik\u00e1tny univerz\u00e1lny k\u013e\u00fa\u010d so 14 r\u00f4znymi kombin\u00e1ciami pre v\u0161etky druhy mat\u00edc a z\u00e1vitov, s ktor\u00fdm zabudnete na zd\u013ahav\u00e9 h\u013eadanie spr\u00e1vneho k\u013e\u00fa\u010da a u\u0161etr\u00edte maximum \u010dasu pri pr\u00e1ci vo va\u0161ej dielni.<\/p>\n","protected":false},"featured_media":602,"comment_status":"closed","ping_status":"closed","template":"","meta":{"inline_featured_image":false},"product_brand":[],"product_cat":[15,25,27],"product_tag":[],"class_list":{"0":"post-610","1":"product","2":"type-product","3":"status-publish","4":"has-post-thumbnail","6":"product_cat-uncategorized","7":"product_cat-car","8":"product_cat-home","10":"first","11":"instock","12":"sale","13":"taxable","14":"shipping-taxable","15":"purchasable","16":"product-type-simple"},"acf":[],"_links":{"self":[{"href":"https:\/\/cartium.eu\/sk\/wp-json\/wp\/v2\/product\/610","targetHints":{"allow":["GET"]}}],"collection":[{"href":"https:\/\/cartium.eu\/sk\/wp-json\/wp\/v2\/product"}],"about":[{"href":"https:\/\/cartium.eu\/sk\/wp-json\/wp\/v2\/types\/product"}],"replies":[{"embeddable":true,"href":"https:\/\/cartium.eu\/sk\/wp-json\/wp\/v2\/comments?post=610"}],"wp:featuredmedia":[{"embeddable":true,"href":"https:\/\/cartium.eu\/sk\/wp-json\/wp\/v2\/media\/602"}],"wp:attachment":[{"href":"https:\/\/cartium.eu\/sk\/wp-json\/wp\/v2\/media?parent=610"}],"wp:term":[{"taxonomy":"product_brand","embeddable":true,"href":"https:\/\/cartium.eu\/sk\/wp-json\/wp\/v2\/product_brand?post=610"},{"taxonomy":"product_cat","embeddable":true,"href":"https:\/\/cartium.eu\/sk\/wp-json\/wp\/v2\/product_cat?post=610"},{"taxonomy":"product_tag","embeddable":true,"href":"https:\/\/cartium.eu\/sk\/wp-json\/wp\/v2\/product_tag?post=610"}],"curies":[{"name":"wp","href":"https:\/\/api.w.org\/{rel}","templated":true}]}}