{"id":621,"date":"2020-12-11T10:15:28","date_gmt":"2020-12-11T09:15:28","guid":{"rendered":"https:\/\/shopium.eu\/rs\/?post_type=product&#038;p=621"},"modified":"2023-05-20T10:26:46","modified_gmt":"2023-05-20T08:26:46","slug":"siet-pre-lahke-lovenie-ryb-fishnet","status":"publish","type":"product","link":"https:\/\/cartium.eu\/sk\/produkt\/siet-pre-lahke-lovenie-ryb-fishnet\/","title":{"rendered":"Sie\u0165 pre \u013eahk\u00e9 lovenie r\u00fdb &#8211; FishNet"},"content":{"rendered":"<div>Ak ste skuto\u010dn\u00fdm ryb\u00e1rskym fan\u00fa\u0161ikom a milujete bohat\u00fd a ve\u013ek\u00fd \u00falovok s touto super praktickou a jednoduchou sie\u0165ou skombinujete p\u00f4\u017eitok s u\u017eito\u010dn\u00fdm a vyu\u017eijete maximum z rybolovu!<\/div>\n<div><\/div>\n","protected":false},"excerpt":{"rendered":"<div>Ak ste skuto\u010dn\u00fdm ryb\u00e1rskym fan\u00fa\u0161ikom a milujete bohat\u00fd a ve\u013ek\u00fd \u00falovok s touto super praktickou a jednoduchou sie\u0165ou skombinujete p\u00f4\u017eitok s u\u017eito\u010dn\u00fdm a vyu\u017eijete maximum z rybolovu!<\/div>\n<div><\/div>\n","protected":false},"featured_media":1651,"comment_status":"closed","ping_status":"closed","template":"","meta":{"inline_featured_image":false},"product_brand":[],"product_cat":[15,35],"product_tag":[],"class_list":{"0":"post-621","1":"product","2":"type-product","3":"status-publish","4":"has-post-thumbnail","6":"product_cat-uncategorized","7":"product_cat-fun","9":"first","10":"instock","11":"sale","12":"taxable","13":"shipping-taxable","14":"purchasable","15":"product-type-simple"},"acf":[],"_links":{"self":[{"href":"https:\/\/cartium.eu\/sk\/wp-json\/wp\/v2\/product\/621","targetHints":{"allow":["GET"]}}],"collection":[{"href":"https:\/\/cartium.eu\/sk\/wp-json\/wp\/v2\/product"}],"about":[{"href":"https:\/\/cartium.eu\/sk\/wp-json\/wp\/v2\/types\/product"}],"replies":[{"embeddable":true,"href":"https:\/\/cartium.eu\/sk\/wp-json\/wp\/v2\/comments?post=621"}],"wp:featuredmedia":[{"embeddable":true,"href":"https:\/\/cartium.eu\/sk\/wp-json\/wp\/v2\/media\/1651"}],"wp:attachment":[{"href":"https:\/\/cartium.eu\/sk\/wp-json\/wp\/v2\/media?parent=621"}],"wp:term":[{"taxonomy":"product_brand","embeddable":true,"href":"https:\/\/cartium.eu\/sk\/wp-json\/wp\/v2\/product_brand?post=621"},{"taxonomy":"product_cat","embeddable":true,"href":"https:\/\/cartium.eu\/sk\/wp-json\/wp\/v2\/product_cat?post=621"},{"taxonomy":"product_tag","embeddable":true,"href":"https:\/\/cartium.eu\/sk\/wp-json\/wp\/v2\/product_tag?post=621"}],"curies":[{"name":"wp","href":"https:\/\/api.w.org\/{rel}","templated":true}]}}