{"id":6763,"date":"2022-12-29T14:55:13","date_gmt":"2022-12-29T13:55:13","guid":{"rendered":"https:\/\/cartium.eu\/sk\/?post_type=product&#038;p=6763"},"modified":"2023-01-04T12:21:39","modified_gmt":"2023-01-04T11:21:39","slug":"podprsenka-s-oporou-chrbta-a-korzetom","status":"publish","type":"product","link":"https:\/\/cartium.eu\/sk\/produkt\/podprsenka-s-oporou-chrbta-a-korzetom\/","title":{"rendered":"Podprsenka s oporou chrbta a korzetom"},"content":{"rendered":"","protected":false},"excerpt":{"rendered":"<p>Fantastick\u00e1 podprsenka s trojit\u00fdm \u00fa\u010dinkom podpor\u00ed va\u0161e poprsie, uprav\u00ed dr\u017eanie tela a zo\u0161t\u00edhli p\u00e1s. Maxim\u00e1lny v\u00fdkon s \u00fapln\u00fdm komfortom nosenia.<\/p>\n","protected":false},"featured_media":6755,"comment_status":"closed","ping_status":"closed","template":"","meta":{"inline_featured_image":false},"product_brand":[],"product_cat":[15],"product_tag":[],"class_list":{"0":"post-6763","1":"product","2":"type-product","3":"status-publish","4":"has-post-thumbnail","6":"product_cat-uncategorized","8":"first","9":"instock","10":"sale","11":"taxable","12":"shipping-taxable","13":"purchasable","14":"product-type-variable"},"acf":[],"_links":{"self":[{"href":"https:\/\/cartium.eu\/sk\/wp-json\/wp\/v2\/product\/6763","targetHints":{"allow":["GET"]}}],"collection":[{"href":"https:\/\/cartium.eu\/sk\/wp-json\/wp\/v2\/product"}],"about":[{"href":"https:\/\/cartium.eu\/sk\/wp-json\/wp\/v2\/types\/product"}],"replies":[{"embeddable":true,"href":"https:\/\/cartium.eu\/sk\/wp-json\/wp\/v2\/comments?post=6763"}],"wp:featuredmedia":[{"embeddable":true,"href":"https:\/\/cartium.eu\/sk\/wp-json\/wp\/v2\/media\/6755"}],"wp:attachment":[{"href":"https:\/\/cartium.eu\/sk\/wp-json\/wp\/v2\/media?parent=6763"}],"wp:term":[{"taxonomy":"product_brand","embeddable":true,"href":"https:\/\/cartium.eu\/sk\/wp-json\/wp\/v2\/product_brand?post=6763"},{"taxonomy":"product_cat","embeddable":true,"href":"https:\/\/cartium.eu\/sk\/wp-json\/wp\/v2\/product_cat?post=6763"},{"taxonomy":"product_tag","embeddable":true,"href":"https:\/\/cartium.eu\/sk\/wp-json\/wp\/v2\/product_tag?post=6763"}],"curies":[{"name":"wp","href":"https:\/\/api.w.org\/{rel}","templated":true}]}}