{"id":7206,"date":"2023-01-26T10:10:51","date_gmt":"2023-01-26T09:10:51","guid":{"rendered":"https:\/\/cartium.eu\/sk\/?post_type=product&#038;p=7206"},"modified":"2023-01-30T09:29:08","modified_gmt":"2023-01-30T08:29:08","slug":"pristroj-na-testovanie-elektrickeho-napatia","status":"publish","type":"product","link":"https:\/\/cartium.eu\/sk\/produkt\/pristroj-na-testovanie-elektrickeho-napatia\/","title":{"rendered":"Pr\u00edstroj na testovanie elektrick\u00e9ho nap\u00e4tia"},"content":{"rendered":"","protected":false},"excerpt":{"rendered":"<p>R\u00fdchlo a jednoducho skontrolujte elektric\u00e9 obvody, poistky, sp\u00edna\u010de a kabel\u00e1\u017e na aut\u00e1ch, pr\u00edvesoch, motocykloch a in\u00fdch n\u00edzkonap\u00e4\u0165ov\u00fdch syst\u00e9moch.<\/p>\n","protected":false},"featured_media":7211,"comment_status":"closed","ping_status":"closed","template":"","meta":{"inline_featured_image":false},"product_brand":[],"product_cat":[15],"product_tag":[],"class_list":{"0":"post-7206","1":"product","2":"type-product","3":"status-publish","4":"has-post-thumbnail","6":"product_cat-uncategorized","8":"first","9":"instock","10":"sale","11":"taxable","12":"shipping-taxable","13":"purchasable","14":"product-type-simple"},"acf":[],"_links":{"self":[{"href":"https:\/\/cartium.eu\/sk\/wp-json\/wp\/v2\/product\/7206","targetHints":{"allow":["GET"]}}],"collection":[{"href":"https:\/\/cartium.eu\/sk\/wp-json\/wp\/v2\/product"}],"about":[{"href":"https:\/\/cartium.eu\/sk\/wp-json\/wp\/v2\/types\/product"}],"replies":[{"embeddable":true,"href":"https:\/\/cartium.eu\/sk\/wp-json\/wp\/v2\/comments?post=7206"}],"wp:featuredmedia":[{"embeddable":true,"href":"https:\/\/cartium.eu\/sk\/wp-json\/wp\/v2\/media\/7211"}],"wp:attachment":[{"href":"https:\/\/cartium.eu\/sk\/wp-json\/wp\/v2\/media?parent=7206"}],"wp:term":[{"taxonomy":"product_brand","embeddable":true,"href":"https:\/\/cartium.eu\/sk\/wp-json\/wp\/v2\/product_brand?post=7206"},{"taxonomy":"product_cat","embeddable":true,"href":"https:\/\/cartium.eu\/sk\/wp-json\/wp\/v2\/product_cat?post=7206"},{"taxonomy":"product_tag","embeddable":true,"href":"https:\/\/cartium.eu\/sk\/wp-json\/wp\/v2\/product_tag?post=7206"}],"curies":[{"name":"wp","href":"https:\/\/api.w.org\/{rel}","templated":true}]}}