{"id":7247,"date":"2023-01-26T12:33:56","date_gmt":"2023-01-26T11:33:56","guid":{"rendered":"https:\/\/cartium.eu\/sk\/?post_type=product&#038;p=7247"},"modified":"2023-02-06T11:54:36","modified_gmt":"2023-02-06T10:54:36","slug":"mobilny-pevny-disk","status":"publish","type":"product","link":"https:\/\/cartium.eu\/sk\/produkt\/mobilny-pevny-disk\/","title":{"rendered":"Mobiln\u00fd pevn\u00fd disk"},"content":{"rendered":"","protected":false},"excerpt":{"rendered":"<p>Mobiln\u00fd extern\u00fd pevn\u00fd disk SSD typu C je ide\u00e1lnym rie\u0161en\u00edm na ukladanie d\u00e1t. \u0160pi\u010dkov\u00fd dizajn a produkt \u0161etrn\u00fd k \u017eivotn\u00e9mu prostrediu.<\/p>\n","protected":false},"featured_media":7253,"comment_status":"closed","ping_status":"closed","template":"","meta":{"inline_featured_image":false},"product_brand":[],"product_cat":[15],"product_tag":[],"class_list":{"0":"post-7247","1":"product","2":"type-product","3":"status-publish","4":"has-post-thumbnail","6":"product_cat-uncategorized","8":"first","9":"instock","10":"sale","11":"taxable","12":"shipping-taxable","13":"purchasable","14":"product-type-simple"},"acf":[],"_links":{"self":[{"href":"https:\/\/cartium.eu\/sk\/wp-json\/wp\/v2\/product\/7247","targetHints":{"allow":["GET"]}}],"collection":[{"href":"https:\/\/cartium.eu\/sk\/wp-json\/wp\/v2\/product"}],"about":[{"href":"https:\/\/cartium.eu\/sk\/wp-json\/wp\/v2\/types\/product"}],"replies":[{"embeddable":true,"href":"https:\/\/cartium.eu\/sk\/wp-json\/wp\/v2\/comments?post=7247"}],"wp:featuredmedia":[{"embeddable":true,"href":"https:\/\/cartium.eu\/sk\/wp-json\/wp\/v2\/media\/7253"}],"wp:attachment":[{"href":"https:\/\/cartium.eu\/sk\/wp-json\/wp\/v2\/media?parent=7247"}],"wp:term":[{"taxonomy":"product_brand","embeddable":true,"href":"https:\/\/cartium.eu\/sk\/wp-json\/wp\/v2\/product_brand?post=7247"},{"taxonomy":"product_cat","embeddable":true,"href":"https:\/\/cartium.eu\/sk\/wp-json\/wp\/v2\/product_cat?post=7247"},{"taxonomy":"product_tag","embeddable":true,"href":"https:\/\/cartium.eu\/sk\/wp-json\/wp\/v2\/product_tag?post=7247"}],"curies":[{"name":"wp","href":"https:\/\/api.w.org\/{rel}","templated":true}]}}