{"id":727,"date":"2020-12-25T12:15:45","date_gmt":"2020-12-25T11:15:45","guid":{"rendered":"https:\/\/shopium.eu\/sk\/?post_type=product&#038;p=727"},"modified":"2021-10-06T09:12:19","modified_gmt":"2021-10-06T07:12:19","slug":"tekuta-izolacna-paska-liquidtape-3","status":"publish","type":"product","link":"https:\/\/cartium.eu\/sk\/produkt\/tekuta-izolacna-paska-liquidtape-3\/","title":{"rendered":"Tekut\u00e1 izola\u010dn\u00e1 p\u00e1ska &#8211; LiquidTape"},"content":{"rendered":"<p>Perfektn\u00e9 rie\u0161enie na izol\u00e1ciu v\u0161etk\u00fdch elektrick\u00fdch spojov. T\u00e1to ultrapraktick\u00e1 a bezpe\u010dn\u00e1 izola\u010dn\u00e1 kvapalina umo\u017e\u0148uje, aby v\u0161etky spoje boli \u00faplne bezpe\u010dn\u00e9. Nieto ani odpadnute ako pri klasick\u00fdch izola\u010dn\u00fdch p\u00e1skach.<\/p>\n","protected":false},"excerpt":{"rendered":"<div>Perfektn\u00e9 rie\u0161enie na izol\u00e1ciu v\u0161etk\u00fdch elektrick\u00fdch spojov. T\u00e1to ultrapraktick\u00e1 a bezpe\u010dn\u00e1 izola\u010dn\u00e1 kvapalina umo\u017e\u0148uje, aby v\u0161etky spoje boli \u00faplne bezpe\u010dn\u00e9. Nieto ani odpadnute ako pri klasick\u00fdch izola\u010dn\u00fdch p\u00e1skach.<\/div>\n<div><\/div>\n","protected":false},"featured_media":723,"comment_status":"closed","ping_status":"closed","template":"","meta":{"inline_featured_image":false},"product_brand":[],"product_cat":[15,27],"product_tag":[],"class_list":{"0":"post-727","1":"product","2":"type-product","3":"status-publish","4":"has-post-thumbnail","6":"product_cat-uncategorized","7":"product_cat-home","9":"first","10":"instock","11":"sale","12":"taxable","13":"shipping-taxable","14":"purchasable","15":"product-type-simple"},"acf":[],"_links":{"self":[{"href":"https:\/\/cartium.eu\/sk\/wp-json\/wp\/v2\/product\/727","targetHints":{"allow":["GET"]}}],"collection":[{"href":"https:\/\/cartium.eu\/sk\/wp-json\/wp\/v2\/product"}],"about":[{"href":"https:\/\/cartium.eu\/sk\/wp-json\/wp\/v2\/types\/product"}],"replies":[{"embeddable":true,"href":"https:\/\/cartium.eu\/sk\/wp-json\/wp\/v2\/comments?post=727"}],"wp:featuredmedia":[{"embeddable":true,"href":"https:\/\/cartium.eu\/sk\/wp-json\/wp\/v2\/media\/723"}],"wp:attachment":[{"href":"https:\/\/cartium.eu\/sk\/wp-json\/wp\/v2\/media?parent=727"}],"wp:term":[{"taxonomy":"product_brand","embeddable":true,"href":"https:\/\/cartium.eu\/sk\/wp-json\/wp\/v2\/product_brand?post=727"},{"taxonomy":"product_cat","embeddable":true,"href":"https:\/\/cartium.eu\/sk\/wp-json\/wp\/v2\/product_cat?post=727"},{"taxonomy":"product_tag","embeddable":true,"href":"https:\/\/cartium.eu\/sk\/wp-json\/wp\/v2\/product_tag?post=727"}],"curies":[{"name":"wp","href":"https:\/\/api.w.org\/{rel}","templated":true}]}}