{"id":7346,"date":"2023-01-31T10:56:54","date_gmt":"2023-01-31T09:56:54","guid":{"rendered":"https:\/\/cartium.eu\/sk\/?post_type=product&#038;p=7346"},"modified":"2023-02-06T11:54:25","modified_gmt":"2023-02-06T10:54:25","slug":"turbo-nastavec-na-hadicu","status":"publish","type":"product","link":"https:\/\/cartium.eu\/sk\/produkt\/turbo-nastavec-na-hadicu\/","title":{"rendered":"Turbo n\u00e1stavec na hadicu"},"content":{"rendered":"","protected":false},"excerpt":{"rendered":"<p>Zv\u00fd\u0161te tlak vody a\u017e 10-kr\u00e1t pomocou tohto turbo n\u00e1stavca na hadicu. U\u0161etrite \u010das a zv\u00fd\u0161te efektivitu.<\/p>\n","protected":false},"featured_media":7351,"comment_status":"closed","ping_status":"closed","template":"","meta":{"inline_featured_image":false},"product_brand":[],"product_cat":[15],"product_tag":[],"class_list":{"0":"post-7346","1":"product","2":"type-product","3":"status-publish","4":"has-post-thumbnail","6":"product_cat-uncategorized","8":"first","9":"instock","10":"sale","11":"taxable","12":"shipping-taxable","13":"purchasable","14":"product-type-simple"},"acf":[],"_links":{"self":[{"href":"https:\/\/cartium.eu\/sk\/wp-json\/wp\/v2\/product\/7346","targetHints":{"allow":["GET"]}}],"collection":[{"href":"https:\/\/cartium.eu\/sk\/wp-json\/wp\/v2\/product"}],"about":[{"href":"https:\/\/cartium.eu\/sk\/wp-json\/wp\/v2\/types\/product"}],"replies":[{"embeddable":true,"href":"https:\/\/cartium.eu\/sk\/wp-json\/wp\/v2\/comments?post=7346"}],"wp:featuredmedia":[{"embeddable":true,"href":"https:\/\/cartium.eu\/sk\/wp-json\/wp\/v2\/media\/7351"}],"wp:attachment":[{"href":"https:\/\/cartium.eu\/sk\/wp-json\/wp\/v2\/media?parent=7346"}],"wp:term":[{"taxonomy":"product_brand","embeddable":true,"href":"https:\/\/cartium.eu\/sk\/wp-json\/wp\/v2\/product_brand?post=7346"},{"taxonomy":"product_cat","embeddable":true,"href":"https:\/\/cartium.eu\/sk\/wp-json\/wp\/v2\/product_cat?post=7346"},{"taxonomy":"product_tag","embeddable":true,"href":"https:\/\/cartium.eu\/sk\/wp-json\/wp\/v2\/product_tag?post=7346"}],"curies":[{"name":"wp","href":"https:\/\/api.w.org\/{rel}","templated":true}]}}