{"id":7757,"date":"2023-02-23T09:50:12","date_gmt":"2023-02-23T08:50:12","guid":{"rendered":"https:\/\/cartium.eu\/sk\/?post_type=product&#038;p=7757"},"modified":"2023-02-23T12:46:15","modified_gmt":"2023-02-23T11:46:15","slug":"tepla-obuv-pre-babatka-a-deti-2","status":"publish","type":"product","link":"https:\/\/cartium.eu\/sk\/produkt\/tepla-obuv-pre-babatka-a-deti-2\/","title":{"rendered":"Tepl\u00e1 obuv pre b\u00e1b\u00e4tk\u00e1 a deti"},"content":{"rendered":"","protected":false},"excerpt":{"rendered":"<p>Pohodln\u00e1 a m\u00e4kk\u00e1 obuv pre b\u00e1b\u00e4tk\u00e1 a deti poskytne mal\u00fdm n\u00f4\u017ekam maxim\u00e1lny komfort a teplo. \u0160pi\u010dkov\u00e9 materi\u00e1ly a kr\u00e1sny vzh\u013ead doplnia ka\u017ed\u00fa kombin\u00e1ciu.<\/p>\n","protected":false},"featured_media":7760,"comment_status":"closed","ping_status":"closed","template":"","meta":{"inline_featured_image":false},"product_brand":[],"product_cat":[15,28,26],"product_tag":[],"class_list":{"0":"post-7757","1":"product","2":"type-product","3":"status-publish","4":"has-post-thumbnail","6":"product_cat-uncategorized","7":"product_cat-beauty","8":"product_cat-health","10":"first","11":"instock","12":"sale","13":"taxable","14":"shipping-taxable","15":"purchasable","16":"product-type-simple"},"acf":[],"_links":{"self":[{"href":"https:\/\/cartium.eu\/sk\/wp-json\/wp\/v2\/product\/7757","targetHints":{"allow":["GET"]}}],"collection":[{"href":"https:\/\/cartium.eu\/sk\/wp-json\/wp\/v2\/product"}],"about":[{"href":"https:\/\/cartium.eu\/sk\/wp-json\/wp\/v2\/types\/product"}],"replies":[{"embeddable":true,"href":"https:\/\/cartium.eu\/sk\/wp-json\/wp\/v2\/comments?post=7757"}],"wp:featuredmedia":[{"embeddable":true,"href":"https:\/\/cartium.eu\/sk\/wp-json\/wp\/v2\/media\/7760"}],"wp:attachment":[{"href":"https:\/\/cartium.eu\/sk\/wp-json\/wp\/v2\/media?parent=7757"}],"wp:term":[{"taxonomy":"product_brand","embeddable":true,"href":"https:\/\/cartium.eu\/sk\/wp-json\/wp\/v2\/product_brand?post=7757"},{"taxonomy":"product_cat","embeddable":true,"href":"https:\/\/cartium.eu\/sk\/wp-json\/wp\/v2\/product_cat?post=7757"},{"taxonomy":"product_tag","embeddable":true,"href":"https:\/\/cartium.eu\/sk\/wp-json\/wp\/v2\/product_tag?post=7757"}],"curies":[{"name":"wp","href":"https:\/\/api.w.org\/{rel}","templated":true}]}}