{"id":7785,"date":"2023-02-23T13:54:44","date_gmt":"2023-02-23T12:54:44","guid":{"rendered":"https:\/\/cartium.eu\/sk\/?post_type=product&#038;p=7785"},"modified":"2023-09-15T13:16:06","modified_gmt":"2023-09-15T11:16:06","slug":"vzdelavacia-hracka-dreveny-vlacik-s-cislami","status":"publish","type":"product","link":"https:\/\/cartium.eu\/sk\/produkt\/vzdelavacia-hracka-dreveny-vlacik-s-cislami\/","title":{"rendered":"Vzdel\u00e1vacia hra\u010dka-Dreven\u00fd vl\u00e1\u010dik s \u010d\u00edslami"},"content":{"rendered":"","protected":false},"excerpt":{"rendered":"<p>Hra\u010dka pre skor\u00e9 u\u010denie \u010d\u00edsel, tvarov a farieb. Precvi\u010dovanie praktick\u00fdch a rozumov\u00fdch zru\u010dnost\u00ed a rozv\u00edjanie kreativity.<\/p>\n","protected":false},"featured_media":7794,"comment_status":"closed","ping_status":"closed","template":"","meta":{"inline_featured_image":false},"product_brand":[],"product_cat":[15,35],"product_tag":[],"class_list":{"0":"post-7785","1":"product","2":"type-product","3":"status-publish","4":"has-post-thumbnail","6":"product_cat-uncategorized","7":"product_cat-fun","9":"first","10":"instock","11":"sale","12":"taxable","13":"shipping-taxable","14":"purchasable","15":"product-type-simple"},"acf":[],"_links":{"self":[{"href":"https:\/\/cartium.eu\/sk\/wp-json\/wp\/v2\/product\/7785","targetHints":{"allow":["GET"]}}],"collection":[{"href":"https:\/\/cartium.eu\/sk\/wp-json\/wp\/v2\/product"}],"about":[{"href":"https:\/\/cartium.eu\/sk\/wp-json\/wp\/v2\/types\/product"}],"replies":[{"embeddable":true,"href":"https:\/\/cartium.eu\/sk\/wp-json\/wp\/v2\/comments?post=7785"}],"wp:featuredmedia":[{"embeddable":true,"href":"https:\/\/cartium.eu\/sk\/wp-json\/wp\/v2\/media\/7794"}],"wp:attachment":[{"href":"https:\/\/cartium.eu\/sk\/wp-json\/wp\/v2\/media?parent=7785"}],"wp:term":[{"taxonomy":"product_brand","embeddable":true,"href":"https:\/\/cartium.eu\/sk\/wp-json\/wp\/v2\/product_brand?post=7785"},{"taxonomy":"product_cat","embeddable":true,"href":"https:\/\/cartium.eu\/sk\/wp-json\/wp\/v2\/product_cat?post=7785"},{"taxonomy":"product_tag","embeddable":true,"href":"https:\/\/cartium.eu\/sk\/wp-json\/wp\/v2\/product_tag?post=7785"}],"curies":[{"name":"wp","href":"https:\/\/api.w.org\/{rel}","templated":true}]}}