{"id":8636,"date":"2023-04-19T09:17:34","date_gmt":"2023-04-19T07:17:34","guid":{"rendered":"https:\/\/cartium.eu\/sk\/?post_type=product&#038;p=8636"},"modified":"2023-04-21T13:58:12","modified_gmt":"2023-04-21T11:58:12","slug":"nohavicky-na-kontrolu-a-tvarovanie-brucha","status":"publish","type":"product","link":"https:\/\/cartium.eu\/sk\/produkt\/nohavicky-na-kontrolu-a-tvarovanie-brucha\/","title":{"rendered":"Nohavi\u010dky na kontrolu a tvarovanie brucha"},"content":{"rendered":"","protected":false},"excerpt":{"rendered":"<p>Pohodln\u00e9 nohavi\u010dky s vysok\u00fdm p\u00e1som poskytuj\u00fa maxim\u00e1lny komfort a optim\u00e1lne v\u00fdsledky stiahnutia.<\/p>\n","protected":false},"featured_media":8649,"comment_status":"closed","ping_status":"closed","template":"","meta":{"inline_featured_image":false},"product_brand":[],"product_cat":[15],"product_tag":[],"class_list":{"0":"post-8636","1":"product","2":"type-product","3":"status-publish","4":"has-post-thumbnail","6":"product_cat-uncategorized","8":"first","9":"instock","10":"sale","11":"taxable","12":"shipping-taxable","13":"purchasable","14":"product-type-variable"},"acf":[],"_links":{"self":[{"href":"https:\/\/cartium.eu\/sk\/wp-json\/wp\/v2\/product\/8636","targetHints":{"allow":["GET"]}}],"collection":[{"href":"https:\/\/cartium.eu\/sk\/wp-json\/wp\/v2\/product"}],"about":[{"href":"https:\/\/cartium.eu\/sk\/wp-json\/wp\/v2\/types\/product"}],"replies":[{"embeddable":true,"href":"https:\/\/cartium.eu\/sk\/wp-json\/wp\/v2\/comments?post=8636"}],"wp:featuredmedia":[{"embeddable":true,"href":"https:\/\/cartium.eu\/sk\/wp-json\/wp\/v2\/media\/8649"}],"wp:attachment":[{"href":"https:\/\/cartium.eu\/sk\/wp-json\/wp\/v2\/media?parent=8636"}],"wp:term":[{"taxonomy":"product_brand","embeddable":true,"href":"https:\/\/cartium.eu\/sk\/wp-json\/wp\/v2\/product_brand?post=8636"},{"taxonomy":"product_cat","embeddable":true,"href":"https:\/\/cartium.eu\/sk\/wp-json\/wp\/v2\/product_cat?post=8636"},{"taxonomy":"product_tag","embeddable":true,"href":"https:\/\/cartium.eu\/sk\/wp-json\/wp\/v2\/product_tag?post=8636"}],"curies":[{"name":"wp","href":"https:\/\/api.w.org\/{rel}","templated":true}]}}