{"id":8673,"date":"2023-04-19T10:24:44","date_gmt":"2023-04-19T08:24:44","guid":{"rendered":"https:\/\/cartium.eu\/sk\/?post_type=product&#038;p=8673"},"modified":"2023-04-19T10:28:10","modified_gmt":"2023-04-19T08:28:10","slug":"transformacna-sada-cisel-pre-skladanie-robotov","status":"publish","type":"product","link":"https:\/\/cartium.eu\/sk\/produkt\/transformacna-sada-cisel-pre-skladanie-robotov\/","title":{"rendered":"Transforma\u010dn\u00e1 sada \u010d\u00edsel pre skladanie robotov"},"content":{"rendered":"","protected":false},"excerpt":{"rendered":"<p>Fantastick\u00e1 sada \u010d\u00edsel r\u00f4znych tvarov v\u00e1m umo\u017en\u00ed zostavi\u0165 \u00fa\u017easn\u00e9ho robota.<\/p>\n","protected":false},"featured_media":8680,"comment_status":"closed","ping_status":"closed","template":"","meta":{"inline_featured_image":false},"product_brand":[],"product_cat":[15],"product_tag":[],"class_list":{"0":"post-8673","1":"product","2":"type-product","3":"status-publish","4":"has-post-thumbnail","6":"product_cat-uncategorized","8":"first","9":"instock","10":"sale","11":"taxable","12":"shipping-taxable","13":"purchasable","14":"product-type-simple"},"acf":[],"_links":{"self":[{"href":"https:\/\/cartium.eu\/sk\/wp-json\/wp\/v2\/product\/8673","targetHints":{"allow":["GET"]}}],"collection":[{"href":"https:\/\/cartium.eu\/sk\/wp-json\/wp\/v2\/product"}],"about":[{"href":"https:\/\/cartium.eu\/sk\/wp-json\/wp\/v2\/types\/product"}],"replies":[{"embeddable":true,"href":"https:\/\/cartium.eu\/sk\/wp-json\/wp\/v2\/comments?post=8673"}],"wp:featuredmedia":[{"embeddable":true,"href":"https:\/\/cartium.eu\/sk\/wp-json\/wp\/v2\/media\/8680"}],"wp:attachment":[{"href":"https:\/\/cartium.eu\/sk\/wp-json\/wp\/v2\/media?parent=8673"}],"wp:term":[{"taxonomy":"product_brand","embeddable":true,"href":"https:\/\/cartium.eu\/sk\/wp-json\/wp\/v2\/product_brand?post=8673"},{"taxonomy":"product_cat","embeddable":true,"href":"https:\/\/cartium.eu\/sk\/wp-json\/wp\/v2\/product_cat?post=8673"},{"taxonomy":"product_tag","embeddable":true,"href":"https:\/\/cartium.eu\/sk\/wp-json\/wp\/v2\/product_tag?post=8673"}],"curies":[{"name":"wp","href":"https:\/\/api.w.org\/{rel}","templated":true}]}}