{"id":8749,"date":"2023-04-20T11:22:32","date_gmt":"2023-04-20T09:22:32","guid":{"rendered":"https:\/\/cartium.eu\/sk\/?post_type=product&#038;p=8749"},"modified":"2023-04-21T14:11:43","modified_gmt":"2023-04-21T12:11:43","slug":"teleskopicka-hracka-pre-deti","status":"publish","type":"product","link":"https:\/\/cartium.eu\/sk\/produkt\/teleskopicka-hracka-pre-deti\/","title":{"rendered":"Teleskopick\u00e1 hra\u010dka pre deti"},"content":{"rendered":"","protected":false},"excerpt":{"rendered":"<p>&nbsp;<\/p>\n<p>Z\u00e1bavn\u00e1 teleskopick\u00e1 hra\u010dka udr\u017e\u00ed pozornos\u0165 det\u00ed na ve\u013emi dlh\u00fa dobu. R\u00f4zne tvary a formy poskytuj\u00fa nekone\u010dn\u00fa z\u00e1bavu.<\/p>\n","protected":false},"featured_media":8756,"comment_status":"closed","ping_status":"closed","template":"","meta":{"inline_featured_image":false},"product_brand":[],"product_cat":[15],"product_tag":[],"class_list":{"0":"post-8749","1":"product","2":"type-product","3":"status-publish","4":"has-post-thumbnail","6":"product_cat-uncategorized","8":"first","9":"instock","10":"sale","11":"taxable","12":"shipping-taxable","13":"purchasable","14":"product-type-simple"},"acf":[],"_links":{"self":[{"href":"https:\/\/cartium.eu\/sk\/wp-json\/wp\/v2\/product\/8749","targetHints":{"allow":["GET"]}}],"collection":[{"href":"https:\/\/cartium.eu\/sk\/wp-json\/wp\/v2\/product"}],"about":[{"href":"https:\/\/cartium.eu\/sk\/wp-json\/wp\/v2\/types\/product"}],"replies":[{"embeddable":true,"href":"https:\/\/cartium.eu\/sk\/wp-json\/wp\/v2\/comments?post=8749"}],"wp:featuredmedia":[{"embeddable":true,"href":"https:\/\/cartium.eu\/sk\/wp-json\/wp\/v2\/media\/8756"}],"wp:attachment":[{"href":"https:\/\/cartium.eu\/sk\/wp-json\/wp\/v2\/media?parent=8749"}],"wp:term":[{"taxonomy":"product_brand","embeddable":true,"href":"https:\/\/cartium.eu\/sk\/wp-json\/wp\/v2\/product_brand?post=8749"},{"taxonomy":"product_cat","embeddable":true,"href":"https:\/\/cartium.eu\/sk\/wp-json\/wp\/v2\/product_cat?post=8749"},{"taxonomy":"product_tag","embeddable":true,"href":"https:\/\/cartium.eu\/sk\/wp-json\/wp\/v2\/product_tag?post=8749"}],"curies":[{"name":"wp","href":"https:\/\/api.w.org\/{rel}","templated":true}]}}