{"id":8777,"date":"2023-04-21T14:53:48","date_gmt":"2023-04-21T12:53:48","guid":{"rendered":"https:\/\/cartium.eu\/sk\/?post_type=product&#038;p=8777"},"modified":"2023-04-21T15:06:23","modified_gmt":"2023-04-21T13:06:23","slug":"bavlnena-podprsenka-so-zapinanim-vpredu","status":"publish","type":"product","link":"https:\/\/cartium.eu\/sk\/produkt\/bavlnena-podprsenka-so-zapinanim-vpredu\/","title":{"rendered":"Bavlnen\u00e1 podprsenka so zap\u00ednan\u00edm vpredu"},"content":{"rendered":"","protected":false},"excerpt":{"rendered":"<p>Za\u017eite maxim\u00e1lny komfort nosenia pri v\u0161etk\u00fdch pr\u00edle\u017eitostiach. Tento nov\u00fd dizajn podprsenky si zamilujete.<\/p>\n","protected":false},"featured_media":8779,"comment_status":"closed","ping_status":"closed","template":"","meta":{"inline_featured_image":false},"product_brand":[],"product_cat":[15],"product_tag":[],"class_list":{"0":"post-8777","1":"product","2":"type-product","3":"status-publish","4":"has-post-thumbnail","6":"product_cat-uncategorized","8":"first","9":"instock","10":"sale","11":"taxable","12":"shipping-taxable","13":"purchasable","14":"product-type-variable"},"acf":[],"_links":{"self":[{"href":"https:\/\/cartium.eu\/sk\/wp-json\/wp\/v2\/product\/8777","targetHints":{"allow":["GET"]}}],"collection":[{"href":"https:\/\/cartium.eu\/sk\/wp-json\/wp\/v2\/product"}],"about":[{"href":"https:\/\/cartium.eu\/sk\/wp-json\/wp\/v2\/types\/product"}],"replies":[{"embeddable":true,"href":"https:\/\/cartium.eu\/sk\/wp-json\/wp\/v2\/comments?post=8777"}],"wp:featuredmedia":[{"embeddable":true,"href":"https:\/\/cartium.eu\/sk\/wp-json\/wp\/v2\/media\/8779"}],"wp:attachment":[{"href":"https:\/\/cartium.eu\/sk\/wp-json\/wp\/v2\/media?parent=8777"}],"wp:term":[{"taxonomy":"product_brand","embeddable":true,"href":"https:\/\/cartium.eu\/sk\/wp-json\/wp\/v2\/product_brand?post=8777"},{"taxonomy":"product_cat","embeddable":true,"href":"https:\/\/cartium.eu\/sk\/wp-json\/wp\/v2\/product_cat?post=8777"},{"taxonomy":"product_tag","embeddable":true,"href":"https:\/\/cartium.eu\/sk\/wp-json\/wp\/v2\/product_tag?post=8777"}],"curies":[{"name":"wp","href":"https:\/\/api.w.org\/{rel}","templated":true}]}}