{"id":8835,"date":"2023-04-24T15:27:16","date_gmt":"2023-04-24T13:27:16","guid":{"rendered":"https:\/\/cartium.eu\/sk\/?post_type=product&#038;p=8835"},"modified":"2023-04-24T15:30:38","modified_gmt":"2023-04-24T13:30:38","slug":"serum-pre-plnsie-pery","status":"publish","type":"product","link":"https:\/\/cartium.eu\/sk\/produkt\/serum-pre-plnsie-pery\/","title":{"rendered":"S\u00e9rum pre pln\u0161ie pery"},"content":{"rendered":"","protected":false},"excerpt":{"rendered":"<p>V\u010faka unik\u00e1tnej zmesi vitam\u00ednu E a medu bud\u00fa va\u0161e pery jemn\u00e9, pln\u0161ie a zdrav\u0161ie.<\/p>\n","protected":false},"featured_media":8837,"comment_status":"closed","ping_status":"closed","template":"","meta":{"inline_featured_image":false},"product_brand":[],"product_cat":[15],"product_tag":[],"class_list":{"0":"post-8835","1":"product","2":"type-product","3":"status-publish","4":"has-post-thumbnail","6":"product_cat-uncategorized","8":"first","9":"instock","10":"sale","11":"taxable","12":"shipping-taxable","13":"purchasable","14":"product-type-simple"},"acf":[],"_links":{"self":[{"href":"https:\/\/cartium.eu\/sk\/wp-json\/wp\/v2\/product\/8835","targetHints":{"allow":["GET"]}}],"collection":[{"href":"https:\/\/cartium.eu\/sk\/wp-json\/wp\/v2\/product"}],"about":[{"href":"https:\/\/cartium.eu\/sk\/wp-json\/wp\/v2\/types\/product"}],"replies":[{"embeddable":true,"href":"https:\/\/cartium.eu\/sk\/wp-json\/wp\/v2\/comments?post=8835"}],"wp:featuredmedia":[{"embeddable":true,"href":"https:\/\/cartium.eu\/sk\/wp-json\/wp\/v2\/media\/8837"}],"wp:attachment":[{"href":"https:\/\/cartium.eu\/sk\/wp-json\/wp\/v2\/media?parent=8835"}],"wp:term":[{"taxonomy":"product_brand","embeddable":true,"href":"https:\/\/cartium.eu\/sk\/wp-json\/wp\/v2\/product_brand?post=8835"},{"taxonomy":"product_cat","embeddable":true,"href":"https:\/\/cartium.eu\/sk\/wp-json\/wp\/v2\/product_cat?post=8835"},{"taxonomy":"product_tag","embeddable":true,"href":"https:\/\/cartium.eu\/sk\/wp-json\/wp\/v2\/product_tag?post=8835"}],"curies":[{"name":"wp","href":"https:\/\/api.w.org\/{rel}","templated":true}]}}