{"id":8960,"date":"2023-04-28T12:14:42","date_gmt":"2023-04-28T10:14:42","guid":{"rendered":"https:\/\/cartium.eu\/sk\/?post_type=product&#038;p=8960"},"modified":"2023-04-28T12:28:27","modified_gmt":"2023-04-28T10:28:27","slug":"vodny-postrekovac-so-systemom-zahmlievania-pre-rezacie-stroje","status":"publish","type":"product","link":"https:\/\/cartium.eu\/sk\/produkt\/vodny-postrekovac-so-systemom-zahmlievania-pre-rezacie-stroje\/","title":{"rendered":"Vodn\u00fd postrekova\u010d so syst\u00e9mom zahmlievania pre rezacie stroje"},"content":{"rendered":"","protected":false},"excerpt":{"rendered":"<p>Re\u017ete r\u00fdchlej\u0161ie, efekt\u00edvnej\u0161ie a \u00fah\u013eadnej\u0161ie s n\u00e1strojom s rozsahom. Vynikaj\u00face pokra\u010dovanie, ktor\u00e9 v\u00e1m pom\u00f4\u017ee by\u0165 optim\u00e1lny vo va\u0161ej pr\u00e1ci.<\/p>\n","protected":false},"featured_media":8965,"comment_status":"closed","ping_status":"closed","template":"","meta":{"inline_featured_image":false},"product_brand":[],"product_cat":[15],"product_tag":[],"class_list":{"0":"post-8960","1":"product","2":"type-product","3":"status-publish","4":"has-post-thumbnail","6":"product_cat-uncategorized","8":"first","9":"instock","10":"sale","11":"taxable","12":"shipping-taxable","13":"purchasable","14":"product-type-simple"},"acf":[],"_links":{"self":[{"href":"https:\/\/cartium.eu\/sk\/wp-json\/wp\/v2\/product\/8960","targetHints":{"allow":["GET"]}}],"collection":[{"href":"https:\/\/cartium.eu\/sk\/wp-json\/wp\/v2\/product"}],"about":[{"href":"https:\/\/cartium.eu\/sk\/wp-json\/wp\/v2\/types\/product"}],"replies":[{"embeddable":true,"href":"https:\/\/cartium.eu\/sk\/wp-json\/wp\/v2\/comments?post=8960"}],"wp:featuredmedia":[{"embeddable":true,"href":"https:\/\/cartium.eu\/sk\/wp-json\/wp\/v2\/media\/8965"}],"wp:attachment":[{"href":"https:\/\/cartium.eu\/sk\/wp-json\/wp\/v2\/media?parent=8960"}],"wp:term":[{"taxonomy":"product_brand","embeddable":true,"href":"https:\/\/cartium.eu\/sk\/wp-json\/wp\/v2\/product_brand?post=8960"},{"taxonomy":"product_cat","embeddable":true,"href":"https:\/\/cartium.eu\/sk\/wp-json\/wp\/v2\/product_cat?post=8960"},{"taxonomy":"product_tag","embeddable":true,"href":"https:\/\/cartium.eu\/sk\/wp-json\/wp\/v2\/product_tag?post=8960"}],"curies":[{"name":"wp","href":"https:\/\/api.w.org\/{rel}","templated":true}]}}