{"id":8968,"date":"2023-04-28T12:44:10","date_gmt":"2023-04-28T10:44:10","guid":{"rendered":"https:\/\/cartium.eu\/sk\/?post_type=product&#038;p=8968"},"modified":"2023-04-28T12:58:43","modified_gmt":"2023-04-28T10:58:43","slug":"plavky-korzet","status":"publish","type":"product","link":"https:\/\/cartium.eu\/sk\/produkt\/plavky-korzet\/","title":{"rendered":"Plavky &#8211; korzet"},"content":{"rendered":"","protected":false},"excerpt":{"rendered":"<p>Revolu\u010dn\u00fd model plaviek, ak\u00fd ste e\u0161te nevideli! Vyzerajte kr\u00e1sne a c\u00ed\u0165te sa skvele v t\u00fdchto korzetov\u00fdch plavk\u00e1ch.<\/p>\n","protected":false},"featured_media":8990,"comment_status":"closed","ping_status":"closed","template":"","meta":{"inline_featured_image":false},"product_brand":[],"product_cat":[15],"product_tag":[],"class_list":{"0":"post-8968","1":"product","2":"type-product","3":"status-publish","4":"has-post-thumbnail","6":"product_cat-uncategorized","8":"first","9":"instock","10":"sale","11":"taxable","12":"shipping-taxable","13":"purchasable","14":"product-type-variable"},"acf":[],"_links":{"self":[{"href":"https:\/\/cartium.eu\/sk\/wp-json\/wp\/v2\/product\/8968","targetHints":{"allow":["GET"]}}],"collection":[{"href":"https:\/\/cartium.eu\/sk\/wp-json\/wp\/v2\/product"}],"about":[{"href":"https:\/\/cartium.eu\/sk\/wp-json\/wp\/v2\/types\/product"}],"replies":[{"embeddable":true,"href":"https:\/\/cartium.eu\/sk\/wp-json\/wp\/v2\/comments?post=8968"}],"wp:featuredmedia":[{"embeddable":true,"href":"https:\/\/cartium.eu\/sk\/wp-json\/wp\/v2\/media\/8990"}],"wp:attachment":[{"href":"https:\/\/cartium.eu\/sk\/wp-json\/wp\/v2\/media?parent=8968"}],"wp:term":[{"taxonomy":"product_brand","embeddable":true,"href":"https:\/\/cartium.eu\/sk\/wp-json\/wp\/v2\/product_brand?post=8968"},{"taxonomy":"product_cat","embeddable":true,"href":"https:\/\/cartium.eu\/sk\/wp-json\/wp\/v2\/product_cat?post=8968"},{"taxonomy":"product_tag","embeddable":true,"href":"https:\/\/cartium.eu\/sk\/wp-json\/wp\/v2\/product_tag?post=8968"}],"curies":[{"name":"wp","href":"https:\/\/api.w.org\/{rel}","templated":true}]}}