{"id":9215,"date":"2023-05-15T09:08:50","date_gmt":"2023-05-15T07:08:50","guid":{"rendered":"https:\/\/cartium.eu\/sk\/?post_type=product&#038;p=9215"},"modified":"2023-06-08T11:54:59","modified_gmt":"2023-06-08T09:54:59","slug":"montessori-suprava-na-vyrobu-sadrovych-figuro","status":"publish","type":"product","link":"https:\/\/cartium.eu\/sk\/produkt\/montessori-suprava-na-vyrobu-sadrovych-figuro\/","title":{"rendered":"Montessori s\u00faprava na v\u00fdrobu sadrov\u00fdch fig\u00faro"},"content":{"rendered":"","protected":false},"excerpt":{"rendered":"<p>Skvel\u00e1 s\u00faprava na v\u00fdrobu sadrov\u00fdch fig\u00farok obsahuje v\u0161etko, \u010do deti potrebuj\u00fa na vytv\u00e1ranie mal\u00fdch umeleck\u00fdch diel!<\/p>\n","protected":false},"featured_media":9216,"comment_status":"closed","ping_status":"closed","template":"","meta":{"inline_featured_image":false},"product_brand":[],"product_cat":[15],"product_tag":[],"class_list":{"0":"post-9215","1":"product","2":"type-product","3":"status-publish","4":"has-post-thumbnail","6":"product_cat-uncategorized","8":"first","9":"instock","10":"sale","11":"taxable","12":"shipping-taxable","13":"purchasable","14":"product-type-variable"},"acf":[],"_links":{"self":[{"href":"https:\/\/cartium.eu\/sk\/wp-json\/wp\/v2\/product\/9215","targetHints":{"allow":["GET"]}}],"collection":[{"href":"https:\/\/cartium.eu\/sk\/wp-json\/wp\/v2\/product"}],"about":[{"href":"https:\/\/cartium.eu\/sk\/wp-json\/wp\/v2\/types\/product"}],"replies":[{"embeddable":true,"href":"https:\/\/cartium.eu\/sk\/wp-json\/wp\/v2\/comments?post=9215"}],"wp:featuredmedia":[{"embeddable":true,"href":"https:\/\/cartium.eu\/sk\/wp-json\/wp\/v2\/media\/9216"}],"wp:attachment":[{"href":"https:\/\/cartium.eu\/sk\/wp-json\/wp\/v2\/media?parent=9215"}],"wp:term":[{"taxonomy":"product_brand","embeddable":true,"href":"https:\/\/cartium.eu\/sk\/wp-json\/wp\/v2\/product_brand?post=9215"},{"taxonomy":"product_cat","embeddable":true,"href":"https:\/\/cartium.eu\/sk\/wp-json\/wp\/v2\/product_cat?post=9215"},{"taxonomy":"product_tag","embeddable":true,"href":"https:\/\/cartium.eu\/sk\/wp-json\/wp\/v2\/product_tag?post=9215"}],"curies":[{"name":"wp","href":"https:\/\/api.w.org\/{rel}","templated":true}]}}